{"id":999,"date":"2026-02-26T22:45:49","date_gmt":"2026-02-26T21:45:49","guid":{"rendered":"https:\/\/www.lerheunouveaucitoyen.org\/?page_id=999"},"modified":"2026-02-26T22:45:49","modified_gmt":"2026-02-26T21:45:49","slug":"les-associations-rheusoises","status":"publish","type":"page","link":"https:\/\/www.lerheunouveaucitoyen.org\/index.php\/les-associations-rheusoises\/","title":{"rendered":"Les associations rheusoises"},"content":{"rendered":"\n<figure class=\"wp-block-embed is-type-video is-provider-youtube wp-block-embed-youtube wp-embed-aspect-9-16 wp-has-aspect-ratio\"><div class=\"wp-block-embed__wrapper\">\n<iframe loading=\"lazy\" title=\"Les associations rheusoises et AGORA - Alain L&#039;Hostis et Jacqueline Depr\u00e9aux\" width=\"563\" height=\"1000\" src=\"https:\/\/www.youtube.com\/embed\/QHN6vuqzIO0?feature=oembed\" frameborder=\"0\" allow=\"accelerometer; autoplay; clipboard-write; encrypted-media; gyroscope; picture-in-picture; web-share\" referrerpolicy=\"strict-origin-when-cross-origin\" allowfullscreen><\/iframe>\n<\/div><\/figure>\n\n\n\n<p><img loading=\"lazy\" decoding=\"async\" height=\"16\" width=\"16\" alt=\"\ud83e\udd1d\" src=\"https:\/\/static.xx.fbcdn.net\/images\/emoji.php\/v9\/t3\/2\/16\/1f91d.png\"> Les associations : le c\u0153ur battant du Rheu<\/p>\n\n\n\n<p>Nous soutiendrons de mani\u00e8re ind\u00e9fectible les associations Rheusoises tout au long du mandat.<\/p>\n\n\n\n<p>Sport, culture, solidarit\u00e9, loisirs&#8230; Derri\u00e8re chaque \u00e9v\u00e9nement, chaque club, chaque aide apport\u00e9e, il y a des b\u00e9n\u00e9voles passionn\u00e9s qui donnent de leur temps sans compter. <img loading=\"lazy\" decoding=\"async\" height=\"16\" width=\"16\" alt=\"\u2764\ufe0f\" src=\"https:\/\/static.xx.fbcdn.net\/images\/emoji.php\/v9\/ted\/2\/16\/2764.png\"><\/p>\n\n\n\n<p>Notre engagement est clair : <img loading=\"lazy\" decoding=\"async\" height=\"16\" width=\"16\" alt=\"\u2705\" src=\"https:\/\/static.xx.fbcdn.net\/images\/emoji.php\/v9\/tb4\/2\/16\/2705.png\"> Maintenir et renforcer les subventions. <img loading=\"lazy\" decoding=\"async\" height=\"16\" width=\"16\" alt=\"\u2705\" src=\"https:\/\/static.xx.fbcdn.net\/images\/emoji.php\/v9\/tb4\/2\/16\/2705.png\"> Faciliter l&rsquo;organisation de vos \u00e9v\u00e9nements (logistique, salles). <img loading=\"lazy\" decoding=\"async\" height=\"16\" width=\"16\" alt=\"\u2705\" src=\"https:\/\/static.xx.fbcdn.net\/images\/emoji.php\/v9\/tb4\/2\/16\/2705.png\"> \u00catre \u00e0 l&rsquo;\u00e9coute constante de vos besoins pour grandir ensemble.<\/p>\n\n\n\n<p>Parce qu&rsquo;une commune qui bouge, c&rsquo;est une commune qui soutient ses associations. <img loading=\"lazy\" decoding=\"async\" height=\"16\" width=\"16\" alt=\"\ud83d\ude80\" src=\"https:\/\/static.xx.fbcdn.net\/images\/emoji.php\/v9\/t65\/2\/16\/1f680.png\"><\/p>\n","protected":false},"excerpt":{"rendered":"<p>Les associations : le c\u0153ur battant du Rheu Nous soutiendrons de mani\u00e8re ind\u00e9fectible les associations Rheusoises tout au long du mandat. Sport, culture, solidarit\u00e9, loisirs&#8230; Derri\u00e8re chaque \u00e9v\u00e9nement, chaque club, chaque aide apport\u00e9e, il y a des b\u00e9n\u00e9voles passionn\u00e9s qui donnent de leur temps sans compter. Notre engagement est clair : Maintenir et renforcer les [&hellip;]<\/p>\n","protected":false},"author":1,"featured_media":0,"parent":0,"menu_order":0,"comment_status":"closed","ping_status":"closed","template":"","meta":{"footnotes":""},"class_list":["post-999","page","type-page","status-publish","hentry"],"_links":{"self":[{"href":"https:\/\/www.lerheunouveaucitoyen.org\/index.php\/wp-json\/wp\/v2\/pages\/999","targetHints":{"allow":["GET"]}}],"collection":[{"href":"https:\/\/www.lerheunouveaucitoyen.org\/index.php\/wp-json\/wp\/v2\/pages"}],"about":[{"href":"https:\/\/www.lerheunouveaucitoyen.org\/index.php\/wp-json\/wp\/v2\/types\/page"}],"author":[{"embeddable":true,"href":"https:\/\/www.lerheunouveaucitoyen.org\/index.php\/wp-json\/wp\/v2\/users\/1"}],"replies":[{"embeddable":true,"href":"https:\/\/www.lerheunouveaucitoyen.org\/index.php\/wp-json\/wp\/v2\/comments?post=999"}],"version-history":[{"count":1,"href":"https:\/\/www.lerheunouveaucitoyen.org\/index.php\/wp-json\/wp\/v2\/pages\/999\/revisions"}],"predecessor-version":[{"id":1000,"href":"https:\/\/www.lerheunouveaucitoyen.org\/index.php\/wp-json\/wp\/v2\/pages\/999\/revisions\/1000"}],"wp:attachment":[{"href":"https:\/\/www.lerheunouveaucitoyen.org\/index.php\/wp-json\/wp\/v2\/media?parent=999"}],"curies":[{"name":"wp","href":"https:\/\/api.w.org\/{rel}","templated":true}]}}