{"id":962,"date":"2026-02-26T23:10:37","date_gmt":"2026-02-26T22:10:37","guid":{"rendered":"https:\/\/www.lerheunouveaucitoyen.org\/?page_id=962"},"modified":"2026-03-13T19:21:40","modified_gmt":"2026-03-13T18:21:40","slug":"videos-de-la-campagne-2026","status":"publish","type":"page","link":"https:\/\/www.lerheunouveaucitoyen.org\/index.php\/videos-de-la-campagne-2026\/","title":{"rendered":"Vid\u00e9os de la campagne 2026"},"content":{"rendered":"\n<p><strong><a href=\"https:\/\/www.lerheunouveaucitoyen.org\/index.php\/2026\/03\/13\/discours-de-fin-de-campagne\/\">Discours de fin de campagne<\/a><\/strong><\/p>\n\n\n\n<p><strong><a href=\"https:\/\/www.lerheunouveaucitoyen.org\/index.php\/2026\/03\/12\/quelle-relation-avec-la-metropole\/\">Quelle relation avec la m\u00e9tropole ?<\/a><\/strong><\/p>\n\n\n\n<p><strong><a href=\"https:\/\/www.lerheunouveaucitoyen.org\/index.php\/2026\/03\/11\/un-nouveau-souffle-pour-la-place-josephine-baker\/\">Un nouveau souffle pour la place Jos\u00e9phine Baker<\/a><\/strong><\/p>\n\n\n\n<p><strong><a href=\"https:\/\/www.lerheunouveaucitoyen.org\/index.php\/2026\/03\/08\/le-8-mars-la-journee-de-la-femme\/\">Le 8 mars : la journ\u00e9e de la femme <\/a><\/strong><\/p>\n\n\n\n<p><strong><a href=\"https:\/\/www.lerheunouveaucitoyen.org\/index.php\/2026\/03\/08\/les-tablees-du-rheu\/\">Les tabl\u00e9es du Rheu : un \u00e9v\u00e8nement incontournable<\/a><\/strong><\/p>\n\n\n\n<p><strong><a href=\"https:\/\/www.lerheunouveaucitoyen.org\/index.php\/2026\/03\/08\/les-5-priorites-de-notre-programme\/\">Le programme et ses priorit\u00e9s<\/a> <\/strong><\/p>\n\n\n\n<p><a href=\"https:\/\/www.lerheunouveaucitoyen.org\/index.php\/2026\/03\/08\/construction-de-notre-programme\/\"><strong>Comment avons-nous construit notre programme ?<\/strong><\/a><\/p>\n\n\n\n<p><a href=\"https:\/\/www.lerheunouveaucitoyen.org\/index.php\/urgence-pour-notre-centre-ville\/\" data-type=\"page\" data-id=\"1034\"><strong>Urgence pour notre centre-ville<\/strong><\/a><\/p>\n\n\n\n<p><strong><a href=\"https:\/\/www.lerheunouveaucitoyen.org\/index.php\/planter-un-arbre-pour-chaque-naissance\/\">Planter un arbre pour chaque naissance<\/a><\/strong><\/p>\n\n\n\n<p><a href=\"https:\/\/www.lerheunouveaucitoyen.org\/wp-admin\/post.php?post=1058&amp;action=edit\"><strong>L&rsquo;arl\u00e9sienne de la salle multifonction<\/strong><\/a><\/p>\n\n\n\n<p><strong><a href=\"https:\/\/www.lerheunouveaucitoyen.org\/index.php\/les-commercants-rue-nationale\/\" data-type=\"page\" data-id=\"994\">Les commer\u00e7ants rue Nationale<\/a><\/strong><\/p>\n\n\n\n<p><strong><a href=\"https:\/\/www.lerheunouveaucitoyen.org\/index.php\/2026\/03\/08\/la-piscine-a-pace\/\">La piscine \u00e0 Pac\u00e9<\/a><\/strong><\/p>\n\n\n\n<p><strong><a href=\"https:\/\/www.lerheunouveaucitoyen.org\/index.php\/la-mediatheque\/\" data-type=\"page\" data-id=\"1005\">La m\u00e9diath\u00e8que<\/a><\/strong><\/p>\n\n\n\n<p><strong style=\"white-space: normal;\"><a href=\"https:\/\/www.lerheunouveaucitoyen.org\/index.php\/lehpad-du-champ-du-moulin-a-vezin\/\" data-type=\"page\" data-id=\"1011\">L&rsquo;EHPAD du champ du moulin \u00e0 Vezin<\/a><\/strong><\/p>\n\n\n\n<p><a style=\"white-space: normal;\" href=\"https:\/\/www.lerheunouveaucitoyen.org\/index.php\/quel-avenir-pour-lecole-de-moigne\/\" data-type=\"page\" data-id=\"1028\"><strong>Quel avenir pour l&rsquo;\u00e9cole de Moign\u00e9 ?<\/strong><\/a><\/p>\n\n\n\n<p><strong><a href=\"https:\/\/www.lerheunouveaucitoyen.org\/index.php\/lesprit-gaston-bardet\/\" data-type=\"page\" data-id=\"1008\">L&rsquo;esprit Gaston Bardet<\/a><\/strong><\/p>\n\n\n\n<p><strong><a href=\"https:\/\/www.lerheunouveaucitoyen.org\/index.php\/la-securite\/\" data-type=\"page\" data-id=\"1002\">La s\u00e9curit\u00e9<\/a> <\/strong><\/p>\n\n\n\n<p><strong><a href=\"https:\/\/www.lerheunouveaucitoyen.org\/index.php\/les-associations-rheusoises\/\" data-type=\"page\" data-id=\"999\">Les associations rheusoises<\/a><\/strong><\/p>\n\n\n\n<p><strong><a href=\"https:\/\/www.lerheunouveaucitoyen.org\/index.php\/un-marche-a-manger-au-rheu\/\" data-type=\"page\" data-id=\"1040\">Un march\u00e9 \u00e0 manger au Rheu<\/a><\/strong><\/p>\n\n\n\n<p><strong><a href=\"https:\/\/www.lerheunouveaucitoyen.org\/index.php\/stop-a-limmobilisme-sur-la-d334\/\" data-type=\"page\" data-id=\"1043\">Stop \u00e0 l&rsquo;immobilisme sur la D334<\/a><\/strong><\/p>\n\n\n\n<p><strong><a href=\"https:\/\/www.lerheunouveaucitoyen.org\/index.php\/la-biodiversite-au-rheu\/\" data-type=\"page\" data-id=\"1014\">La biodiversit\u00e9 au Rheu<\/a><\/strong><\/p>\n\n\n\n<p><strong><a href=\"https:\/\/www.lerheunouveaucitoyen.org\/index.php\/le-boulodrome-et-son-ombriere\/\" data-type=\"page\" data-id=\"1018\">Le boulodrome et son ombri\u00e8re<\/a><\/strong><\/p>\n\n\n\n<p><strong><a href=\"https:\/\/www.lerheunouveaucitoyen.org\/index.php\/2026\/03\/09\/le-sport-au-rheu\/\">Le sport au Rheu<\/a><\/strong><\/p>\n","protected":false},"excerpt":{"rendered":"<p>Discours de fin de campagne Quelle relation avec la m\u00e9tropole ? Un nouveau souffle pour la place Jos\u00e9phine Baker Le 8 mars : la journ\u00e9e de la femme Les tabl\u00e9es du Rheu : un \u00e9v\u00e8nement incontournable Le programme et ses priorit\u00e9s Comment avons-nous construit notre programme ? Urgence pour notre centre-ville Planter un arbre pour [&hellip;]<\/p>\n","protected":false},"author":1,"featured_media":0,"parent":0,"menu_order":0,"comment_status":"closed","ping_status":"closed","template":"","meta":{"footnotes":""},"class_list":["post-962","page","type-page","status-publish","hentry"],"_links":{"self":[{"href":"https:\/\/www.lerheunouveaucitoyen.org\/index.php\/wp-json\/wp\/v2\/pages\/962","targetHints":{"allow":["GET"]}}],"collection":[{"href":"https:\/\/www.lerheunouveaucitoyen.org\/index.php\/wp-json\/wp\/v2\/pages"}],"about":[{"href":"https:\/\/www.lerheunouveaucitoyen.org\/index.php\/wp-json\/wp\/v2\/types\/page"}],"author":[{"embeddable":true,"href":"https:\/\/www.lerheunouveaucitoyen.org\/index.php\/wp-json\/wp\/v2\/users\/1"}],"replies":[{"embeddable":true,"href":"https:\/\/www.lerheunouveaucitoyen.org\/index.php\/wp-json\/wp\/v2\/comments?post=962"}],"version-history":[{"count":31,"href":"https:\/\/www.lerheunouveaucitoyen.org\/index.php\/wp-json\/wp\/v2\/pages\/962\/revisions"}],"predecessor-version":[{"id":1116,"href":"https:\/\/www.lerheunouveaucitoyen.org\/index.php\/wp-json\/wp\/v2\/pages\/962\/revisions\/1116"}],"wp:attachment":[{"href":"https:\/\/www.lerheunouveaucitoyen.org\/index.php\/wp-json\/wp\/v2\/media?parent=962"}],"curies":[{"name":"wp","href":"https:\/\/api.w.org\/{rel}","templated":true}]}}