{"id":772,"date":"2026-01-02T16:37:16","date_gmt":"2026-01-02T15:37:16","guid":{"rendered":"https:\/\/www.lerheunouveaucitoyen.org\/?page_id=772"},"modified":"2026-03-23T18:48:27","modified_gmt":"2026-03-23T17:48:27","slug":"campagne-2026","status":"publish","type":"page","link":"https:\/\/www.lerheunouveaucitoyen.org\/","title":{"rendered":"Campagne 2026"},"content":{"rendered":"\n<p><strong><a href=\"https:\/\/www.lerheunouveaucitoyen.org\/index.php\/2026\/03\/23\/discours-alain-lhostis-a-la-ceremonie-delection-du-maire-le-21-03-2026\/\">Discours de Alain L&rsquo;Hostis<\/a><\/strong> lors de l&rsquo;\u00e9lection de Mr le maire le 21 mars 2026 &#8211; ce discours de bilan de campagne vient en r\u00e9ponse au tract de l&rsquo;autre liste diffus\u00e9 juste \u00e0 la veille des \u00e9lections.<\/p>\n\n\n\n<p class=\"has-text-align-center\"><strong><a href=\"https:\/\/www.lerheunouveaucitoyen.org\/index.php\/2026\/03\/23\/cheres-rheusoises-chers-rheusois\/\">Courrier de remerciement au soir des \u00e9lections<\/a><\/strong> <\/p>\n\n\n\n<p><\/p>\n\n\n\n<p class=\"has-text-align-center\"><strong><a href=\"https:\/\/www.lerheunouveaucitoyen.org\/index.php\/2026\/03\/13\/discours-de-fin-de-campagne\/\">Discours de fin de campagne<\/a><\/strong><\/p>\n\n\n\n<p><\/p>\n\n\n\n<p class=\"has-text-align-center\"><strong>T\u00e9l\u00e9chargez notre programme  <\/strong>!<\/p>\n\n\n\n<p><\/p>\n\n\n\n<div class=\"wp-block-columns is-layout-flex wp-container-core-columns-is-layout-9d6595d7 wp-block-columns-is-layout-flex\">\n<div class=\"wp-block-column is-layout-flow wp-block-column-is-layout-flow\"><div class=\"wp-block-image\">\n<figure class=\"aligncenter size-full is-resized\"><a href=\"https:\/\/www.lerheunouveaucitoyen.org\/wp-content\/uploads\/2026\/03\/profession_RNC.pdf\" target=\"_blank\" rel=\" noreferrer noopener\"><img loading=\"lazy\" decoding=\"async\" width=\"708\" height=\"1002\" src=\"https:\/\/www.lerheunouveaucitoyen.org\/wp-content\/uploads\/2026\/03\/profession.png\" alt=\"\" class=\"wp-image-1098\" style=\"width:143px;height:auto\" srcset=\"https:\/\/www.lerheunouveaucitoyen.org\/wp-content\/uploads\/2026\/03\/profession.png 708w, https:\/\/www.lerheunouveaucitoyen.org\/wp-content\/uploads\/2026\/03\/profession-212x300.png 212w\" sizes=\"auto, (max-width: 708px) 100vw, 708px\" \/><\/a><\/figure><\/div><\/div>\n\n\n\n<div class=\"wp-block-column is-layout-flow wp-block-column-is-layout-flow\">\n<figure class=\"wp-block-image size-large\"><a href=\"https:\/\/www.lerheunouveaucitoyen.org\/wp-content\/uploads\/2026\/03\/programme_RNC.pdf\" target=\"_blank\" rel=\" noreferrer noopener\"><img loading=\"lazy\" decoding=\"async\" width=\"1024\" height=\"486\" src=\"https:\/\/www.lerheunouveaucitoyen.org\/wp-content\/uploads\/2026\/03\/programme-1024x486.png\" alt=\"\" class=\"wp-image-1099\" srcset=\"https:\/\/www.lerheunouveaucitoyen.org\/wp-content\/uploads\/2026\/03\/programme-1024x486.png 1024w, https:\/\/www.lerheunouveaucitoyen.org\/wp-content\/uploads\/2026\/03\/programme-300x142.png 300w, https:\/\/www.lerheunouveaucitoyen.org\/wp-content\/uploads\/2026\/03\/programme-768x364.png 768w, https:\/\/www.lerheunouveaucitoyen.org\/wp-content\/uploads\/2026\/03\/programme-1536x729.png 1536w, https:\/\/www.lerheunouveaucitoyen.org\/wp-content\/uploads\/2026\/03\/programme.png 1878w\" sizes=\"auto, (max-width: 1024px) 100vw, 1024px\" \/><\/a><\/figure>\n<\/div>\n<\/div>\n\n\n\n<p class=\"has-text-align-center\"><\/p>\n\n\n\n<p><\/p>\n","protected":false},"excerpt":{"rendered":"<p>Discours de Alain L&rsquo;Hostis lors de l&rsquo;\u00e9lection de Mr le maire le 21 mars 2026 &#8211; ce discours de bilan de campagne vient en r\u00e9ponse au tract de l&rsquo;autre liste diffus\u00e9 juste \u00e0 la veille des \u00e9lections. Courrier de remerciement au soir des \u00e9lections Discours de fin de campagne T\u00e9l\u00e9chargez notre programme !<\/p>\n","protected":false},"author":1,"featured_media":937,"parent":0,"menu_order":0,"comment_status":"closed","ping_status":"closed","template":"","meta":{"footnotes":""},"class_list":["post-772","page","type-page","status-publish","has-post-thumbnail","hentry"],"_links":{"self":[{"href":"https:\/\/www.lerheunouveaucitoyen.org\/index.php\/wp-json\/wp\/v2\/pages\/772","targetHints":{"allow":["GET"]}}],"collection":[{"href":"https:\/\/www.lerheunouveaucitoyen.org\/index.php\/wp-json\/wp\/v2\/pages"}],"about":[{"href":"https:\/\/www.lerheunouveaucitoyen.org\/index.php\/wp-json\/wp\/v2\/types\/page"}],"author":[{"embeddable":true,"href":"https:\/\/www.lerheunouveaucitoyen.org\/index.php\/wp-json\/wp\/v2\/users\/1"}],"replies":[{"embeddable":true,"href":"https:\/\/www.lerheunouveaucitoyen.org\/index.php\/wp-json\/wp\/v2\/comments?post=772"}],"version-history":[{"count":28,"href":"https:\/\/www.lerheunouveaucitoyen.org\/index.php\/wp-json\/wp\/v2\/pages\/772\/revisions"}],"predecessor-version":[{"id":1133,"href":"https:\/\/www.lerheunouveaucitoyen.org\/index.php\/wp-json\/wp\/v2\/pages\/772\/revisions\/1133"}],"wp:featuredmedia":[{"embeddable":true,"href":"https:\/\/www.lerheunouveaucitoyen.org\/index.php\/wp-json\/wp\/v2\/media\/937"}],"wp:attachment":[{"href":"https:\/\/www.lerheunouveaucitoyen.org\/index.php\/wp-json\/wp\/v2\/media?parent=772"}],"curies":[{"name":"wp","href":"https:\/\/api.w.org\/{rel}","templated":true}]}}