{"id":46,"date":"2021-01-21T14:37:19","date_gmt":"2021-01-21T13:37:19","guid":{"rendered":"http:\/\/lrncorw.cluster028.hosting.ovh.net\/?page_id=46"},"modified":"2026-01-02T17:07:41","modified_gmt":"2026-01-02T16:07:41","slug":"notre-projet","status":"publish","type":"page","link":"https:\/\/www.lerheunouveaucitoyen.org\/index.php\/notre-projet\/","title":{"rendered":"Notre projet politique en 2020"},"content":{"rendered":"\n<div class=\"wp-block-columns is-layout-flex wp-container-core-columns-is-layout-9d6595d7 wp-block-columns-is-layout-flex\">\n<div class=\"wp-block-column is-layout-flow wp-block-column-is-layout-flow\">\n<p>\u2600\ufe0f&nbsp;66 voix d\u2019\u00e9cart sur 2490 : la r\u00e9ussite d\u2019un challenge !&nbsp;\u2600\ufe0f<\/p>\n\n\n\n<p>\ud83d\udc4dUne campagne pour ranimer la d\u00e9mocratie.<br>\ud83d\udc4dUne campagne de terrain longue, vivante, \u00e9nergique.<br>\ud83d\udc4dUne campagne d\u00e9j\u00e0 utile, aux nombreuses retomb\u00e9es.<\/p>\n\n\n\n<p>Nous avons port\u00e9 au d\u00e9bat de nombreux sujets importants :<br>\ud83d\udcce&nbsp;L\u2019\u00e9coute des citoyens et la concertation<br>\ud83d\udcce&nbsp;La n\u00e9cessit\u00e9 d\u2019un urbanisme ma\u00eetris\u00e9 face \u00e0 Rennes M\u00e9tropole<br>\ud83d\udcce&nbsp;L&rsquo;avenir de la maison de retraite Le Champ du Moulin<br>\ud83d\udcce&nbsp;Des relations in\u00e9quitables entre \u00ab\u00a0Territoire et d\u00e9veloppement\u00a0\u00bb et la commune<\/p>\n\n\n\n<p>Ce sont l\u00e0 plusieurs de nos sujets qui feront bouger la municipalit\u00e9 dans votre int\u00e9r\u00eat !<\/p>\n\n\n\n<p>Nous avons fait vivre la d\u00e9mocratie au sein de notre ville et c&rsquo;est aussi gr\u00e2ce \u00e0 vous.<\/p>\n\n\n\n<p>\ud83d\ude4b\u200d\u2640\ufe0f\ud83d\ude4b\u200d\u2642\ufe0fPendant toute cette campagne, vous avez \u00e9t\u00e9 nombreux \u00e0 nous encourager.<\/p>\n\n\n\n<p>Partant de rien, nous avons formidablement r\u00e9ussi gr\u00e2ce \u00e0 votre vote.<br>\ud83d\udc4fNous vous en remercions tr\u00e8s chaleureusement.\ud83d\udc4f<\/p>\n\n\n\n<p>Notre liste rassemble des sensibilit\u00e9s du centre et de l\u2019\u00e9cologie. Cela veut dire que les colistiers viennent du centre gauche au centre droit, avec des \u00e9cologistes convaincus et raisonnables, pas d\u2019extr\u00eames sur notre liste !<\/p>\n<\/div>\n<\/div>\n\n\n\n<figure class=\"wp-block-image size-large\"><img loading=\"lazy\" decoding=\"async\" width=\"973\" height=\"443\" src=\"http:\/\/lrncorw.cluster028.hosting.ovh.net\/wp-content\/uploads\/2021\/01\/sensibilite_politique.png\" alt=\"\" class=\"wp-image-174\" srcset=\"https:\/\/www.lerheunouveaucitoyen.org\/wp-content\/uploads\/2021\/01\/sensibilite_politique.png 973w, https:\/\/www.lerheunouveaucitoyen.org\/wp-content\/uploads\/2021\/01\/sensibilite_politique-300x137.png 300w, https:\/\/www.lerheunouveaucitoyen.org\/wp-content\/uploads\/2021\/01\/sensibilite_politique-768x350.png 768w\" sizes=\"auto, (max-width: 973px) 100vw, 973px\" \/><\/figure>\n","protected":false},"excerpt":{"rendered":"<p>\u2600\ufe0f&nbsp;66 voix d\u2019\u00e9cart sur 2490 : la r\u00e9ussite d\u2019un challenge !&nbsp;\u2600\ufe0f \ud83d\udc4dUne campagne pour ranimer la d\u00e9mocratie.\ud83d\udc4dUne campagne de terrain longue, vivante, \u00e9nergique.\ud83d\udc4dUne campagne d\u00e9j\u00e0 utile, aux nombreuses retomb\u00e9es. Nous avons port\u00e9 au d\u00e9bat de nombreux sujets importants :\ud83d\udcce&nbsp;L\u2019\u00e9coute des citoyens et la concertation\ud83d\udcce&nbsp;La n\u00e9cessit\u00e9 d\u2019un urbanisme ma\u00eetris\u00e9 face \u00e0 Rennes M\u00e9tropole\ud83d\udcce&nbsp;L&rsquo;avenir de la maison [&hellip;]<\/p>\n","protected":false},"author":1,"featured_media":0,"parent":0,"menu_order":0,"comment_status":"closed","ping_status":"closed","template":"","meta":{"footnotes":""},"class_list":["post-46","page","type-page","status-publish","hentry"],"_links":{"self":[{"href":"https:\/\/www.lerheunouveaucitoyen.org\/index.php\/wp-json\/wp\/v2\/pages\/46","targetHints":{"allow":["GET"]}}],"collection":[{"href":"https:\/\/www.lerheunouveaucitoyen.org\/index.php\/wp-json\/wp\/v2\/pages"}],"about":[{"href":"https:\/\/www.lerheunouveaucitoyen.org\/index.php\/wp-json\/wp\/v2\/types\/page"}],"author":[{"embeddable":true,"href":"https:\/\/www.lerheunouveaucitoyen.org\/index.php\/wp-json\/wp\/v2\/users\/1"}],"replies":[{"embeddable":true,"href":"https:\/\/www.lerheunouveaucitoyen.org\/index.php\/wp-json\/wp\/v2\/comments?post=46"}],"version-history":[{"count":7,"href":"https:\/\/www.lerheunouveaucitoyen.org\/index.php\/wp-json\/wp\/v2\/pages\/46\/revisions"}],"predecessor-version":[{"id":782,"href":"https:\/\/www.lerheunouveaucitoyen.org\/index.php\/wp-json\/wp\/v2\/pages\/46\/revisions\/782"}],"wp:attachment":[{"href":"https:\/\/www.lerheunouveaucitoyen.org\/index.php\/wp-json\/wp\/v2\/media?parent=46"}],"curies":[{"name":"wp","href":"https:\/\/api.w.org\/{rel}","templated":true}]}}