{"id":1043,"date":"2026-03-01T11:54:05","date_gmt":"2026-03-01T10:54:05","guid":{"rendered":"https:\/\/www.lerheunouveaucitoyen.org\/?page_id=1043"},"modified":"2026-03-01T11:54:05","modified_gmt":"2026-03-01T10:54:05","slug":"stop-a-limmobilisme-sur-la-d334","status":"publish","type":"page","link":"https:\/\/www.lerheunouveaucitoyen.org\/index.php\/stop-a-limmobilisme-sur-la-d334\/","title":{"rendered":"Stop \u00e0 l&rsquo;immobilisme sur la D334"},"content":{"rendered":"\n<figure class=\"wp-block-embed is-type-video is-provider-youtube wp-block-embed-youtube wp-embed-aspect-9-16 wp-has-aspect-ratio\"><div class=\"wp-block-embed__wrapper\">\n<iframe loading=\"lazy\" title=\"La route D334 - absence d&#039;am\u00e9nagement - Alain L&#039;Hostis et Olivier Ars\" width=\"563\" height=\"1000\" src=\"https:\/\/www.youtube.com\/embed\/VGRq_p8yOlg?feature=oembed\" frameborder=\"0\" allow=\"accelerometer; autoplay; clipboard-write; encrypted-media; gyroscope; picture-in-picture; web-share\" referrerpolicy=\"strict-origin-when-cross-origin\" allowfullscreen><\/iframe>\n<\/div><\/figure>\n\n\n\n<p><img loading=\"lazy\" decoding=\"async\" height=\"16\" width=\"16\" alt=\"\ud83d\uded1\" src=\"https:\/\/static.xx.fbcdn.net\/images\/emoji.php\/v9\/t3a\/2\/16\/1f6d1.png\"> STOP \u00c0 L&rsquo;IMMOBILISME SUR LA D334 !<\/p>\n\n\n\n<p>\u00abCe n\u2019est pas nous, c\u2019est Mordelles\u00a0\u00bb, \u00ab\u00a0C\u2019est la M\u00e9tropole\u00a0\u00bb&#8230; La majorit\u00e9 municipale actuelle semble se r\u00e9signer face au danger de la D334.<\/p>\n\n\n\n<p>Le constat est sans appel : l\u2019absence d\u2019am\u00e9nagements met en p\u00e9ril la vie des pi\u00e9tons qui rejoignent ou qui arrivent des arr\u00eats de bus.<\/p>\n\n\n\n<p>Quelle est notre vision ?<\/p>\n\n\n\n<p>Arr\u00eater de rejeter la faute sur les voisins.<\/p>\n\n\n\n<p>Engager une relation \u00e9quilibr\u00e9e et exigeante avec Rennes M\u00e9tropole.<\/p>\n\n\n\n<p>Trouver des solutions concr\u00e8tes (trottoirs, \u00e9clairage).<\/p>\n\n\n\n<p>Nous ne nous r\u00e9signons pas. La s\u00e9curit\u00e9 des Rheusois m\u00e9rite une volont\u00e9 politique forte.<\/p>\n","protected":false},"excerpt":{"rendered":"<p>STOP \u00c0 L&rsquo;IMMOBILISME SUR LA D334 ! \u00abCe n\u2019est pas nous, c\u2019est Mordelles\u00a0\u00bb, \u00ab\u00a0C\u2019est la M\u00e9tropole\u00a0\u00bb&#8230; La majorit\u00e9 municipale actuelle semble se r\u00e9signer face au danger de la D334. Le constat est sans appel : l\u2019absence d\u2019am\u00e9nagements met en p\u00e9ril la vie des pi\u00e9tons qui rejoignent ou qui arrivent des arr\u00eats de bus. Quelle est [&hellip;]<\/p>\n","protected":false},"author":1,"featured_media":0,"parent":0,"menu_order":0,"comment_status":"closed","ping_status":"closed","template":"","meta":{"footnotes":""},"class_list":["post-1043","page","type-page","status-publish","hentry"],"_links":{"self":[{"href":"https:\/\/www.lerheunouveaucitoyen.org\/index.php\/wp-json\/wp\/v2\/pages\/1043","targetHints":{"allow":["GET"]}}],"collection":[{"href":"https:\/\/www.lerheunouveaucitoyen.org\/index.php\/wp-json\/wp\/v2\/pages"}],"about":[{"href":"https:\/\/www.lerheunouveaucitoyen.org\/index.php\/wp-json\/wp\/v2\/types\/page"}],"author":[{"embeddable":true,"href":"https:\/\/www.lerheunouveaucitoyen.org\/index.php\/wp-json\/wp\/v2\/users\/1"}],"replies":[{"embeddable":true,"href":"https:\/\/www.lerheunouveaucitoyen.org\/index.php\/wp-json\/wp\/v2\/comments?post=1043"}],"version-history":[{"count":1,"href":"https:\/\/www.lerheunouveaucitoyen.org\/index.php\/wp-json\/wp\/v2\/pages\/1043\/revisions"}],"predecessor-version":[{"id":1044,"href":"https:\/\/www.lerheunouveaucitoyen.org\/index.php\/wp-json\/wp\/v2\/pages\/1043\/revisions\/1044"}],"wp:attachment":[{"href":"https:\/\/www.lerheunouveaucitoyen.org\/index.php\/wp-json\/wp\/v2\/media?parent=1043"}],"curies":[{"name":"wp","href":"https:\/\/api.w.org\/{rel}","templated":true}]}}