{"id":1040,"date":"2026-03-01T11:50:30","date_gmt":"2026-03-01T10:50:30","guid":{"rendered":"https:\/\/www.lerheunouveaucitoyen.org\/?page_id=1040"},"modified":"2026-03-01T11:50:30","modified_gmt":"2026-03-01T10:50:30","slug":"un-marche-a-manger-au-rheu","status":"publish","type":"page","link":"https:\/\/www.lerheunouveaucitoyen.org\/index.php\/un-marche-a-manger-au-rheu\/","title":{"rendered":"Un march\u00e9 \u00e0 manger au Rheu"},"content":{"rendered":"\n<figure class=\"wp-block-embed is-type-video is-provider-youtube wp-block-embed-youtube wp-embed-aspect-9-16 wp-has-aspect-ratio\"><div class=\"wp-block-embed__wrapper\">\n<iframe loading=\"lazy\" title=\"Un march\u00e9 \u00e0 manger au Rheu - Alain L&#039;Hostis et son \u00e9quipe\" width=\"563\" height=\"1000\" src=\"https:\/\/www.youtube.com\/embed\/ZkeYFB4WDdM?feature=oembed\" frameborder=\"0\" allow=\"accelerometer; autoplay; clipboard-write; encrypted-media; gyroscope; picture-in-picture; web-share\" referrerpolicy=\"strict-origin-when-cross-origin\" allowfullscreen><\/iframe>\n<\/div><\/figure>\n\n\n\n<p>Nous avons la chance d\u2019avoir un superbe march\u00e9 le samedi matin, mais on a d\u00e9cid\u00e9 de lui donner encore plus d\u2019ampleur.<\/p>\n\n\n\n<p><img loading=\"lazy\" decoding=\"async\" height=\"16\" width=\"16\" alt=\"\ud83c\udf38\" src=\"https:\/\/static.xx.fbcdn.net\/images\/emoji.php\/v9\/t8f\/2\/16\/1f338.png\"> D\u00e8s le printemps, le march\u00e9 s&rsquo;agrandira ! Nous allons \u00e9tendre les \u00e9tals jusqu&rsquo;\u00e0 la place Jean Auvergne pour accueillir un v\u00e9ritable march\u00e9 \u00e0 manger. <img loading=\"lazy\" decoding=\"async\" height=\"16\" width=\"16\" alt=\"\ud83e\udd57\" src=\"https:\/\/static.xx.fbcdn.net\/images\/emoji.php\/v9\/td2\/2\/16\/1f957.png\"><img loading=\"lazy\" decoding=\"async\" height=\"16\" width=\"16\" alt=\"\ud83c\udf55\" src=\"https:\/\/static.xx.fbcdn.net\/images\/emoji.php\/v9\/t4a\/2\/16\/1f355.png\"><\/p>\n\n\n\n<p>L&rsquo;objectif ? Cr\u00e9er un lieu de vie, de convivialit\u00e9 et d&rsquo;\u00e9changes o\u00f9 l&rsquo;on vient pour faire ses courses, mais aussi pour s&rsquo;attabler et partager un bon moment ensemble.<\/p>\n\n\n\n<p>Restez connect\u00e9s, on a h\u00e2te de vous y retrouver pour les beaux jours !<\/p>\n","protected":false},"excerpt":{"rendered":"<p>Nous avons la chance d\u2019avoir un superbe march\u00e9 le samedi matin, mais on a d\u00e9cid\u00e9 de lui donner encore plus d\u2019ampleur. D\u00e8s le printemps, le march\u00e9 s&rsquo;agrandira ! Nous allons \u00e9tendre les \u00e9tals jusqu&rsquo;\u00e0 la place Jean Auvergne pour accueillir un v\u00e9ritable march\u00e9 \u00e0 manger. L&rsquo;objectif ? Cr\u00e9er un lieu de vie, de convivialit\u00e9 et [&hellip;]<\/p>\n","protected":false},"author":1,"featured_media":0,"parent":0,"menu_order":0,"comment_status":"closed","ping_status":"closed","template":"","meta":{"footnotes":""},"class_list":["post-1040","page","type-page","status-publish","hentry"],"_links":{"self":[{"href":"https:\/\/www.lerheunouveaucitoyen.org\/index.php\/wp-json\/wp\/v2\/pages\/1040","targetHints":{"allow":["GET"]}}],"collection":[{"href":"https:\/\/www.lerheunouveaucitoyen.org\/index.php\/wp-json\/wp\/v2\/pages"}],"about":[{"href":"https:\/\/www.lerheunouveaucitoyen.org\/index.php\/wp-json\/wp\/v2\/types\/page"}],"author":[{"embeddable":true,"href":"https:\/\/www.lerheunouveaucitoyen.org\/index.php\/wp-json\/wp\/v2\/users\/1"}],"replies":[{"embeddable":true,"href":"https:\/\/www.lerheunouveaucitoyen.org\/index.php\/wp-json\/wp\/v2\/comments?post=1040"}],"version-history":[{"count":1,"href":"https:\/\/www.lerheunouveaucitoyen.org\/index.php\/wp-json\/wp\/v2\/pages\/1040\/revisions"}],"predecessor-version":[{"id":1041,"href":"https:\/\/www.lerheunouveaucitoyen.org\/index.php\/wp-json\/wp\/v2\/pages\/1040\/revisions\/1041"}],"wp:attachment":[{"href":"https:\/\/www.lerheunouveaucitoyen.org\/index.php\/wp-json\/wp\/v2\/media?parent=1040"}],"curies":[{"name":"wp","href":"https:\/\/api.w.org\/{rel}","templated":true}]}}