{"id":1034,"date":"2026-03-01T11:37:10","date_gmt":"2026-03-01T10:37:10","guid":{"rendered":"https:\/\/www.lerheunouveaucitoyen.org\/?page_id=1034"},"modified":"2026-03-01T11:37:10","modified_gmt":"2026-03-01T10:37:10","slug":"urgence-pour-notre-centre-ville","status":"publish","type":"page","link":"https:\/\/www.lerheunouveaucitoyen.org\/index.php\/urgence-pour-notre-centre-ville\/","title":{"rendered":"Urgence pour notre centre-ville"},"content":{"rendered":"\n<figure class=\"wp-block-embed is-type-video is-provider-youtube wp-block-embed-youtube wp-embed-aspect-9-16 wp-has-aspect-ratio\"><div class=\"wp-block-embed__wrapper\">\n<iframe loading=\"lazy\" title=\"Le Centre-Ville du Rheu - Alain L&#039;Hostis et David Duval\" width=\"563\" height=\"1000\" src=\"https:\/\/www.youtube.com\/embed\/RjPc69x90TQ?feature=oembed\" frameborder=\"0\" allow=\"accelerometer; autoplay; clipboard-write; encrypted-media; gyroscope; picture-in-picture; web-share\" referrerpolicy=\"strict-origin-when-cross-origin\" allowfullscreen><\/iframe>\n<\/div><\/figure>\n\n\n\n<p>Urgence pour notre centre-ville : 10 ans de d\u00e9clin, il est temps d&rsquo;agir !<\/p>\n\n\n\n<p>Le constat est amer, mais nous ne pouvons plus fermer les yeux : depuis deux d\u00e9cennies, le c\u0153ur de notre commune s\u2019\u00e9touffe. Pourquoi ? Parce qu\u2019une grande partie de notre zone commerciale est devenue invisible et difficile d\u2019acc\u00e8s.<\/p>\n\n\n\n<p><img loading=\"lazy\" decoding=\"async\" height=\"16\" width=\"16\" alt=\"\ud83d\uded1\" src=\"https:\/\/static.xx.fbcdn.net\/images\/emoji.php\/v9\/t3a\/2\/16\/1f6d1.png\"> Le probl\u00e8me est clair<\/p>\n\n\n\n<p>Un commerce qui ne se voit pas et o\u00f9 l&rsquo;on ne peut pas acc\u00e9der facilement est un commerce condamn\u00e9 \u00e0 d\u00e9cliner. On ne g\u00e8re pas le centre-ville d&rsquo;une commune de 10 000 habitants comme celui d&rsquo;un village de 5 000. Nos besoins, notre flux et nos attentes ont chang\u00e9, mais notre am\u00e9nagement, lui, est rest\u00e9 fig\u00e9 dans le pass\u00e9.<\/p>\n\n\n\n<p><img loading=\"lazy\" decoding=\"async\" height=\"16\" width=\"16\" alt=\"\ud83d\udca1\" src=\"https:\/\/static.xx.fbcdn.net\/images\/emoji.php\/v9\/tdb\/2\/16\/1f4a1.png\"> Une vision n\u00e9cessaire<\/p>\n\n\n\n<p>Il ne s&rsquo;agit plus de \u00ab\u00a0bricoler\u00a0\u00bb ou de poser des pansements. Pour redonner vie \u00e0 nos rues, nous devons repenser la totalit\u00e9 du centre-bourg.<\/p>\n\n\n\n<p><img loading=\"lazy\" decoding=\"async\" height=\"16\" width=\"16\" alt=\"\ud83e\udd1d\" src=\"https:\/\/static.xx.fbcdn.net\/images\/emoji.php\/v9\/t3\/2\/16\/1f91d.png\"> Ensemble, tout devient possible<\/p>\n\n\n\n<p>Le renouveau ne se fera pas de mani\u00e8re isol\u00e9e. Il doit \u00eatre le fruit d&rsquo;une collaboration \u00e9troite entre :<\/p>\n\n\n\n<p>Les commer\u00e7ants, qui connaissent le terrain mieux que quiconque.<\/p>\n\n\n\n<p>Les habitants, qui sont les premiers usagers du centre-ville.<\/p>\n\n\n\n<p>Les professionnels de l\u2019am\u00e9nagement, pour apporter une expertise technique et durable.<\/p>\n\n\n\n<p>Redonnons \u00e0 notre ville le dynamisme qu\u2019elle m\u00e9rite ! Ce chantier doit \u00eatre la priorit\u00e9 du prochain mandat pour que Le Rheu retrouve son \u00e2me<\/p>\n\n\n\n<p><img loading=\"lazy\" decoding=\"async\" height=\"16\" width=\"16\" alt=\"\ud83d\udcac\" src=\"https:\/\/static.xx.fbcdn.net\/images\/emoji.php\/v9\/td\/2\/16\/1f4ac.png\"> Et vous, qu\u2019est-ce qui vous manque le plus pour revenir consommer en centre-ville ? Donnez votre avis en commentaire !<\/p>\n","protected":false},"excerpt":{"rendered":"<p>Urgence pour notre centre-ville : 10 ans de d\u00e9clin, il est temps d&rsquo;agir ! Le constat est amer, mais nous ne pouvons plus fermer les yeux : depuis deux d\u00e9cennies, le c\u0153ur de notre commune s\u2019\u00e9touffe. Pourquoi ? Parce qu\u2019une grande partie de notre zone commerciale est devenue invisible et difficile d\u2019acc\u00e8s. Le probl\u00e8me est [&hellip;]<\/p>\n","protected":false},"author":1,"featured_media":0,"parent":0,"menu_order":0,"comment_status":"closed","ping_status":"closed","template":"","meta":{"footnotes":""},"class_list":["post-1034","page","type-page","status-publish","hentry"],"_links":{"self":[{"href":"https:\/\/www.lerheunouveaucitoyen.org\/index.php\/wp-json\/wp\/v2\/pages\/1034","targetHints":{"allow":["GET"]}}],"collection":[{"href":"https:\/\/www.lerheunouveaucitoyen.org\/index.php\/wp-json\/wp\/v2\/pages"}],"about":[{"href":"https:\/\/www.lerheunouveaucitoyen.org\/index.php\/wp-json\/wp\/v2\/types\/page"}],"author":[{"embeddable":true,"href":"https:\/\/www.lerheunouveaucitoyen.org\/index.php\/wp-json\/wp\/v2\/users\/1"}],"replies":[{"embeddable":true,"href":"https:\/\/www.lerheunouveaucitoyen.org\/index.php\/wp-json\/wp\/v2\/comments?post=1034"}],"version-history":[{"count":1,"href":"https:\/\/www.lerheunouveaucitoyen.org\/index.php\/wp-json\/wp\/v2\/pages\/1034\/revisions"}],"predecessor-version":[{"id":1035,"href":"https:\/\/www.lerheunouveaucitoyen.org\/index.php\/wp-json\/wp\/v2\/pages\/1034\/revisions\/1035"}],"wp:attachment":[{"href":"https:\/\/www.lerheunouveaucitoyen.org\/index.php\/wp-json\/wp\/v2\/media?parent=1034"}],"curies":[{"name":"wp","href":"https:\/\/api.w.org\/{rel}","templated":true}]}}