{"id":1028,"date":"2026-03-01T11:32:02","date_gmt":"2026-03-01T10:32:02","guid":{"rendered":"https:\/\/www.lerheunouveaucitoyen.org\/?page_id=1028"},"modified":"2026-03-01T11:33:35","modified_gmt":"2026-03-01T10:33:35","slug":"quel-avenir-pour-lecole-de-moigne","status":"publish","type":"page","link":"https:\/\/www.lerheunouveaucitoyen.org\/index.php\/quel-avenir-pour-lecole-de-moigne\/","title":{"rendered":"Quel avenir pour l&rsquo;\u00e9cole de Moign\u00e9 ?"},"content":{"rendered":"\n<figure class=\"wp-block-embed is-type-video is-provider-youtube wp-block-embed-youtube wp-embed-aspect-9-16 wp-has-aspect-ratio\"><div class=\"wp-block-embed__wrapper\">\n<iframe loading=\"lazy\" title=\"Moign\u00e9 et son \u00e9cole - Alain L&#039;Hostis et Olivier Beucher\" width=\"563\" height=\"1000\" src=\"https:\/\/www.youtube.com\/embed\/YuT2OUDC93Q?feature=oembed\" frameborder=\"0\" allow=\"accelerometer; autoplay; clipboard-write; encrypted-media; gyroscope; picture-in-picture; web-share\" referrerpolicy=\"strict-origin-when-cross-origin\" allowfullscreen><\/iframe>\n<\/div><\/figure>\n\n\n\n<p>Nous avons la chance d\u2019avoir une super \u00e9cole \u00e0 Moign\u00e9 : un cadre \u00e0 taille humaine, une \u00e9quipe investie et un lieu de vie essentiel pour nos enfants. <img loading=\"lazy\" decoding=\"async\" height=\"16\" width=\"16\" src=\"https:\/\/static.xx.fbcdn.net\/images\/emoji.php\/v9\/tb4\/2\/16\/1f49b.png\" alt=\"\ud83d\udc9b\"><\/p>\n\n\n\n<p>Pourtant, les travaux n\u00e9cessaires \u00e0 sa r\u00e9novation sont aujourd\u2019hui diff\u00e9r\u00e9s\u2026 et pendant ce temps, leur co\u00fbt ne cesse d\u2019augmenter depuis l\u2019annonce du projet.<\/p>\n\n\n\n<p>Dans un contexte de d\u00e9mographie en baisse, la question de la p\u00e9rennit\u00e9 de l\u2019\u00e9cole se pose clairement. Une \u00e9cole qui perd des effectifs, c\u2019est une \u00e9cole fragilis\u00e9e. Et une \u00e9cole qui ferme, c\u2019est un c\u0153ur de village qui s\u2019\u00e9teint.<\/p>\n\n\n\n<p>Parmi les pistes envisag\u00e9es : la mise en place d\u2019un autocar pour amener les enfants du Rheu jusqu\u2019\u00e0 Moign\u00e9, afin de garantir une solution pratique, s\u00e9curis\u00e9e et accessible pour les familles. <img loading=\"lazy\" decoding=\"async\" height=\"16\" width=\"16\" alt=\"\ud83d\ude8c\" src=\"https:\/\/static.xx.fbcdn.net\/images\/emoji.php\/v9\/t18\/2\/16\/1f68c.png\"><\/p>\n\n\n\n<p>L\u2019enjeu est simple et essentiel : il faut que les enfants continuent \u00e0 venir \u00e0 l\u2019\u00e9cole de Moign\u00e9 pour ne pas la perdre. Maintenir nos effectifs, c\u2019est pr\u00e9server un service public de proximit\u00e9, un lien social fort et l\u2019avenir et l\u2019avenir de notre commune.<img loading=\"lazy\" decoding=\"async\" height=\"16\" width=\"16\" src=\"https:\/\/static.xx.fbcdn.net\/images\/emoji.php\/v9\/t65\/2\/16\/270f.png\" alt=\"\u270f\ufe0f\"><\/p>\n","protected":false},"excerpt":{"rendered":"<p>Nous avons la chance d\u2019avoir une super \u00e9cole \u00e0 Moign\u00e9 : un cadre \u00e0 taille humaine, une \u00e9quipe investie et un lieu de vie essentiel pour nos enfants. Pourtant, les travaux n\u00e9cessaires \u00e0 sa r\u00e9novation sont aujourd\u2019hui diff\u00e9r\u00e9s\u2026 et pendant ce temps, leur co\u00fbt ne cesse d\u2019augmenter depuis l\u2019annonce du projet. Dans un contexte de [&hellip;]<\/p>\n","protected":false},"author":1,"featured_media":0,"parent":0,"menu_order":0,"comment_status":"closed","ping_status":"closed","template":"","meta":{"footnotes":""},"class_list":["post-1028","page","type-page","status-publish","hentry"],"_links":{"self":[{"href":"https:\/\/www.lerheunouveaucitoyen.org\/index.php\/wp-json\/wp\/v2\/pages\/1028","targetHints":{"allow":["GET"]}}],"collection":[{"href":"https:\/\/www.lerheunouveaucitoyen.org\/index.php\/wp-json\/wp\/v2\/pages"}],"about":[{"href":"https:\/\/www.lerheunouveaucitoyen.org\/index.php\/wp-json\/wp\/v2\/types\/page"}],"author":[{"embeddable":true,"href":"https:\/\/www.lerheunouveaucitoyen.org\/index.php\/wp-json\/wp\/v2\/users\/1"}],"replies":[{"embeddable":true,"href":"https:\/\/www.lerheunouveaucitoyen.org\/index.php\/wp-json\/wp\/v2\/comments?post=1028"}],"version-history":[{"count":2,"href":"https:\/\/www.lerheunouveaucitoyen.org\/index.php\/wp-json\/wp\/v2\/pages\/1028\/revisions"}],"predecessor-version":[{"id":1033,"href":"https:\/\/www.lerheunouveaucitoyen.org\/index.php\/wp-json\/wp\/v2\/pages\/1028\/revisions\/1033"}],"wp:attachment":[{"href":"https:\/\/www.lerheunouveaucitoyen.org\/index.php\/wp-json\/wp\/v2\/media?parent=1028"}],"curies":[{"name":"wp","href":"https:\/\/api.w.org\/{rel}","templated":true}]}}