{"id":1021,"date":"2026-02-26T23:07:47","date_gmt":"2026-02-26T22:07:47","guid":{"rendered":"https:\/\/www.lerheunouveaucitoyen.org\/?page_id=1021"},"modified":"2026-02-26T23:07:47","modified_gmt":"2026-02-26T22:07:47","slug":"planter-un-arbre-pour-chaque-naissance","status":"publish","type":"page","link":"https:\/\/www.lerheunouveaucitoyen.org\/index.php\/planter-un-arbre-pour-chaque-naissance\/","title":{"rendered":"Planter un arbre pour chaque naissance"},"content":{"rendered":"\n<figure class=\"wp-block-embed is-type-video is-provider-youtube wp-block-embed-youtube wp-embed-aspect-9-16 wp-has-aspect-ratio\"><div class=\"wp-block-embed__wrapper\">\n<iframe loading=\"lazy\" title=\"Un arbre une naissance - Alain L&#039;Hostis et Christine Barrat\" width=\"563\" height=\"1000\" src=\"https:\/\/www.youtube.com\/embed\/4isEmD63-SU?feature=oembed\" frameborder=\"0\" allow=\"accelerometer; autoplay; clipboard-write; encrypted-media; gyroscope; picture-in-picture; web-share\" referrerpolicy=\"strict-origin-when-cross-origin\" allowfullscreen><\/iframe>\n<\/div><\/figure>\n\n\n\n<p><img loading=\"lazy\" decoding=\"async\" height=\"16\" width=\"16\" alt=\"\ud83c\udf33\" src=\"https:\/\/static.xx.fbcdn.net\/images\/emoji.php\/v9\/ta\/2\/16\/1f333.png\"> Le Rheu, une cit\u00e9 jardin qui c\u00e9l\u00e8bre la vie <img loading=\"lazy\" decoding=\"async\" height=\"16\" width=\"16\" alt=\"\ud83c\udf3f\" src=\"https:\/\/static.xx.fbcdn.net\/images\/emoji.php\/v9\/tbd\/2\/16\/1f33f.png\"><\/p>\n\n\n\n<p>\u00c0 Le Rheu, la nature ne fait pas que dessiner le paysage, elle raconte notre histoire.<\/p>\n\n\n\n<p>Et quoi de plus symbolique qu\u2019un arbre pour porter cette identit\u00e9 ? <img loading=\"lazy\" decoding=\"async\" height=\"16\" width=\"16\" alt=\"\ud83c\udf31\" src=\"https:\/\/static.xx.fbcdn.net\/images\/emoji.php\/v9\/t8\/2\/16\/1f331.png\"><\/p>\n\n\n\n<p>Nous proposons de planter un arbre pour c\u00e9l\u00e9brer chaque naissance et pour honorer chaque d\u00e9c\u00e8s. Chaque arbre deviendrait un rep\u00e8re, un souvenir vivant, une trace enracin\u00e9e dans notre territoire.<\/p>\n\n\n\n<p><img loading=\"lazy\" decoding=\"async\" height=\"16\" width=\"16\" alt=\"\ud83c\udf3c\" src=\"https:\/\/static.xx.fbcdn.net\/images\/emoji.php\/v9\/t3a\/2\/16\/1f33c.png\"> Planter un arbre, c\u2019est regarder vers l\u2019avenir.<\/p>\n\n\n\n<p><img loading=\"lazy\" decoding=\"async\" height=\"16\" width=\"16\" alt=\"\ud83c\udf33\" src=\"https:\/\/static.xx.fbcdn.net\/images\/emoji.php\/v9\/ta\/2\/16\/1f333.png\"> Planter un arbre, c\u2019est transmettre.<\/p>\n\n\n\n<p><img loading=\"lazy\" decoding=\"async\" height=\"16\" width=\"16\" alt=\"\ud83c\udf3f\" src=\"https:\/\/static.xx.fbcdn.net\/images\/emoji.php\/v9\/tbd\/2\/16\/1f33f.png\"> Planter un arbre, c\u2019est faire vivre l\u2019esprit de cit\u00e9 jardin.<\/p>\n\n\n\n<p>Ensemble, faisons de chaque \u00e9tape de la vie un engagement pour la nature et pour les g\u00e9n\u00e9rations futures.<\/p>\n","protected":false},"excerpt":{"rendered":"<p>Le Rheu, une cit\u00e9 jardin qui c\u00e9l\u00e8bre la vie \u00c0 Le Rheu, la nature ne fait pas que dessiner le paysage, elle raconte notre histoire. Et quoi de plus symbolique qu\u2019un arbre pour porter cette identit\u00e9 ? Nous proposons de planter un arbre pour c\u00e9l\u00e9brer chaque naissance et pour honorer chaque d\u00e9c\u00e8s. Chaque arbre deviendrait [&hellip;]<\/p>\n","protected":false},"author":1,"featured_media":0,"parent":0,"menu_order":0,"comment_status":"closed","ping_status":"closed","template":"","meta":{"footnotes":""},"class_list":["post-1021","page","type-page","status-publish","hentry"],"_links":{"self":[{"href":"https:\/\/www.lerheunouveaucitoyen.org\/index.php\/wp-json\/wp\/v2\/pages\/1021","targetHints":{"allow":["GET"]}}],"collection":[{"href":"https:\/\/www.lerheunouveaucitoyen.org\/index.php\/wp-json\/wp\/v2\/pages"}],"about":[{"href":"https:\/\/www.lerheunouveaucitoyen.org\/index.php\/wp-json\/wp\/v2\/types\/page"}],"author":[{"embeddable":true,"href":"https:\/\/www.lerheunouveaucitoyen.org\/index.php\/wp-json\/wp\/v2\/users\/1"}],"replies":[{"embeddable":true,"href":"https:\/\/www.lerheunouveaucitoyen.org\/index.php\/wp-json\/wp\/v2\/comments?post=1021"}],"version-history":[{"count":1,"href":"https:\/\/www.lerheunouveaucitoyen.org\/index.php\/wp-json\/wp\/v2\/pages\/1021\/revisions"}],"predecessor-version":[{"id":1022,"href":"https:\/\/www.lerheunouveaucitoyen.org\/index.php\/wp-json\/wp\/v2\/pages\/1021\/revisions\/1022"}],"wp:attachment":[{"href":"https:\/\/www.lerheunouveaucitoyen.org\/index.php\/wp-json\/wp\/v2\/media?parent=1021"}],"curies":[{"name":"wp","href":"https:\/\/api.w.org\/{rel}","templated":true}]}}