{"id":1018,"date":"2026-02-26T23:05:31","date_gmt":"2026-02-26T22:05:31","guid":{"rendered":"https:\/\/www.lerheunouveaucitoyen.org\/?page_id=1018"},"modified":"2026-02-26T23:05:31","modified_gmt":"2026-02-26T22:05:31","slug":"le-boulodrome-et-son-ombriere","status":"publish","type":"page","link":"https:\/\/www.lerheunouveaucitoyen.org\/index.php\/le-boulodrome-et-son-ombriere\/","title":{"rendered":"Le boulodrome et son ombri\u00e8re"},"content":{"rendered":"\n<figure class=\"wp-block-embed is-type-video is-provider-youtube wp-block-embed-youtube wp-embed-aspect-9-16 wp-has-aspect-ratio\"><div class=\"wp-block-embed__wrapper\">\n<iframe loading=\"lazy\" title=\"Le boulodrome avec son ombri\u00e8re - Alain L&#039;Hostis et Dilan Barrat\" width=\"563\" height=\"1000\" src=\"https:\/\/www.youtube.com\/embed\/SzQvgZT0K0s?feature=oembed\" frameborder=\"0\" allow=\"accelerometer; autoplay; clipboard-write; encrypted-media; gyroscope; picture-in-picture; web-share\" referrerpolicy=\"strict-origin-when-cross-origin\" allowfullscreen><\/iframe>\n<\/div><\/figure>\n\n\n\n<p>Une superbe ombri\u00e8re vient enrichir notre ville et cela sans aucun co\u00fbt pour la collectivit\u00e9.<\/p>\n\n\n\n<p>Cette r\u00e9alisation repr\u00e9sente une v\u00e9ritable opportunit\u00e9 pour dynamiser le lieu et cr\u00e9er un point de rencontre agr\u00e9able pour tous. Elle peut \u00e9galement \u00eatre utilis\u00e9e pour la pratique de divers sports, qu\u2019ils soient individuels ou collectifs, favorisant ainsi l\u2019activit\u00e9 physique et les moments de partage.<\/p>\n\n\n\n<p>Afin d\u2019optimiser son usage et d\u2019en faire un espace encore plus convivial, quelques am\u00e9nagements compl\u00e9mentaires pourraient \u00eatre envisag\u00e9s, comme l\u2019installation de coupe-vent et d\u2019assises. Ces ajustements permettront de profiter du site en toute saison.<\/p>\n\n\n\n<p>Un bel atout pour la ville, au service de ses habitants.<\/p>\n","protected":false},"excerpt":{"rendered":"<p>Une superbe ombri\u00e8re vient enrichir notre ville et cela sans aucun co\u00fbt pour la collectivit\u00e9. Cette r\u00e9alisation repr\u00e9sente une v\u00e9ritable opportunit\u00e9 pour dynamiser le lieu et cr\u00e9er un point de rencontre agr\u00e9able pour tous. Elle peut \u00e9galement \u00eatre utilis\u00e9e pour la pratique de divers sports, qu\u2019ils soient individuels ou collectifs, favorisant ainsi l\u2019activit\u00e9 physique et [&hellip;]<\/p>\n","protected":false},"author":1,"featured_media":0,"parent":0,"menu_order":0,"comment_status":"closed","ping_status":"closed","template":"","meta":{"footnotes":""},"class_list":["post-1018","page","type-page","status-publish","hentry"],"_links":{"self":[{"href":"https:\/\/www.lerheunouveaucitoyen.org\/index.php\/wp-json\/wp\/v2\/pages\/1018","targetHints":{"allow":["GET"]}}],"collection":[{"href":"https:\/\/www.lerheunouveaucitoyen.org\/index.php\/wp-json\/wp\/v2\/pages"}],"about":[{"href":"https:\/\/www.lerheunouveaucitoyen.org\/index.php\/wp-json\/wp\/v2\/types\/page"}],"author":[{"embeddable":true,"href":"https:\/\/www.lerheunouveaucitoyen.org\/index.php\/wp-json\/wp\/v2\/users\/1"}],"replies":[{"embeddable":true,"href":"https:\/\/www.lerheunouveaucitoyen.org\/index.php\/wp-json\/wp\/v2\/comments?post=1018"}],"version-history":[{"count":1,"href":"https:\/\/www.lerheunouveaucitoyen.org\/index.php\/wp-json\/wp\/v2\/pages\/1018\/revisions"}],"predecessor-version":[{"id":1019,"href":"https:\/\/www.lerheunouveaucitoyen.org\/index.php\/wp-json\/wp\/v2\/pages\/1018\/revisions\/1019"}],"wp:attachment":[{"href":"https:\/\/www.lerheunouveaucitoyen.org\/index.php\/wp-json\/wp\/v2\/media?parent=1018"}],"curies":[{"name":"wp","href":"https:\/\/api.w.org\/{rel}","templated":true}]}}