{"id":1014,"date":"2026-02-26T23:03:00","date_gmt":"2026-02-26T22:03:00","guid":{"rendered":"https:\/\/www.lerheunouveaucitoyen.org\/?page_id=1014"},"modified":"2026-02-26T23:03:00","modified_gmt":"2026-02-26T22:03:00","slug":"la-biodiversite-au-rheu","status":"publish","type":"page","link":"https:\/\/www.lerheunouveaucitoyen.org\/index.php\/la-biodiversite-au-rheu\/","title":{"rendered":"La biodiversit\u00e9 au Rheu"},"content":{"rendered":"\n<figure class=\"wp-block-embed is-type-video is-provider-youtube wp-block-embed-youtube wp-embed-aspect-9-16 wp-has-aspect-ratio\"><div class=\"wp-block-embed__wrapper\">\n<iframe loading=\"lazy\" title=\"La biodiversit\u00e9 et la loi ORE - Alain L&#039;Hostis et Agn\u00e8s Livier Mabille\" width=\"563\" height=\"1000\" src=\"https:\/\/www.youtube.com\/embed\/DE0am54UAe4?feature=oembed\" frameborder=\"0\" allow=\"accelerometer; autoplay; clipboard-write; encrypted-media; gyroscope; picture-in-picture; web-share\" referrerpolicy=\"strict-origin-when-cross-origin\" allowfullscreen><\/iframe>\n<\/div><\/figure>\n\n\n\n<p><img loading=\"lazy\" decoding=\"async\" height=\"16\" width=\"16\" alt=\"\ud83c\udf33\" src=\"https:\/\/static.xx.fbcdn.net\/images\/emoji.php\/v9\/ta\/2\/16\/1f333.png\"> Pr\u00e9server l&rsquo;esprit \u00ab\u00a0Cit\u00e9-Jardin\u00a0\u00bb de Gaston Bardet<\/p>\n\n\n\n<p>Gaston Bardet ne concevait pas l&rsquo;urbanisme sans le vivant. Dans ses cit\u00e9s-jardins, la promenade est reine, bord\u00e9e d&rsquo;arbres fruitiers qui offrent ombre, fra\u00eecheur et nourriture. C&rsquo;est un h\u00e9ritage pr\u00e9cieux, un poumon vert au c\u0153ur de nos vies.<\/p>\n\n\n\n<p>Mais comment garantir que ce patrimoine naturel ne disparaisse pas au fil des d\u00e9cennies ?<\/p>\n\n\n\n<p><img loading=\"lazy\" decoding=\"async\" height=\"16\" width=\"16\" alt=\"\ud83d\udee1\ufe0f\" src=\"https:\/\/static.xx.fbcdn.net\/images\/emoji.php\/v9\/td9\/2\/16\/1f6e1.png\"> La solution : L&rsquo;Obligation R\u00e9elle Environnementale (ORE)<\/p>\n\n\n\n<p>Pour prot\u00e9ger durablement ces alignements d&rsquo;arbres et ces espaces de d\u00e9ambulation, nous devons passer de la simple intention \u00e0 la protection juridique.<\/p>\n\n\n\n<p>L&rsquo;ORE est un outil r\u00e9volutionnaire qui permet de :<\/p>\n\n\n\n<p>\u2022 P\u00e9renniser la biodiversit\u00e9 : La protection est li\u00e9e au foncier (jusqu&rsquo;\u00e0 99 ans).<\/p>\n\n\n\n<p>\u2022 S\u00e9curiser les vergers : Les arbres fruitiers de nos promenades deviennent intouchables, m\u00eame en cas de vente du terrain.<\/p>\n\n\n\n<p>\u2022 Valoriser l&rsquo;engagement : Propri\u00e9taires et collectivit\u00e9s s&rsquo;unissent pour un projet de territoire r\u00e9silient.<\/p>\n\n\n\n<p>Ne laissons pas nos cit\u00e9s-jardins devenir de simples souvenirs b\u00e9tonn\u00e9s. Utilisons la loi pour que les g\u00e9n\u00e9rations futures puissent encore cueillir un fruit au d\u00e9tour d&rsquo;une all\u00e9e.<\/p>\n","protected":false},"excerpt":{"rendered":"<p>Pr\u00e9server l&rsquo;esprit \u00ab\u00a0Cit\u00e9-Jardin\u00a0\u00bb de Gaston Bardet Gaston Bardet ne concevait pas l&rsquo;urbanisme sans le vivant. Dans ses cit\u00e9s-jardins, la promenade est reine, bord\u00e9e d&rsquo;arbres fruitiers qui offrent ombre, fra\u00eecheur et nourriture. C&rsquo;est un h\u00e9ritage pr\u00e9cieux, un poumon vert au c\u0153ur de nos vies. Mais comment garantir que ce patrimoine naturel ne disparaisse pas au fil [&hellip;]<\/p>\n","protected":false},"author":1,"featured_media":0,"parent":0,"menu_order":0,"comment_status":"closed","ping_status":"closed","template":"","meta":{"footnotes":""},"class_list":["post-1014","page","type-page","status-publish","hentry"],"_links":{"self":[{"href":"https:\/\/www.lerheunouveaucitoyen.org\/index.php\/wp-json\/wp\/v2\/pages\/1014","targetHints":{"allow":["GET"]}}],"collection":[{"href":"https:\/\/www.lerheunouveaucitoyen.org\/index.php\/wp-json\/wp\/v2\/pages"}],"about":[{"href":"https:\/\/www.lerheunouveaucitoyen.org\/index.php\/wp-json\/wp\/v2\/types\/page"}],"author":[{"embeddable":true,"href":"https:\/\/www.lerheunouveaucitoyen.org\/index.php\/wp-json\/wp\/v2\/users\/1"}],"replies":[{"embeddable":true,"href":"https:\/\/www.lerheunouveaucitoyen.org\/index.php\/wp-json\/wp\/v2\/comments?post=1014"}],"version-history":[{"count":1,"href":"https:\/\/www.lerheunouveaucitoyen.org\/index.php\/wp-json\/wp\/v2\/pages\/1014\/revisions"}],"predecessor-version":[{"id":1015,"href":"https:\/\/www.lerheunouveaucitoyen.org\/index.php\/wp-json\/wp\/v2\/pages\/1014\/revisions\/1015"}],"wp:attachment":[{"href":"https:\/\/www.lerheunouveaucitoyen.org\/index.php\/wp-json\/wp\/v2\/media?parent=1014"}],"curies":[{"name":"wp","href":"https:\/\/api.w.org\/{rel}","templated":true}]}}