{"id":1011,"date":"2026-02-26T22:59:39","date_gmt":"2026-02-26T21:59:39","guid":{"rendered":"https:\/\/www.lerheunouveaucitoyen.org\/?page_id=1011"},"modified":"2026-02-26T22:59:39","modified_gmt":"2026-02-26T21:59:39","slug":"lehpad-du-champ-du-moulin-a-vezin","status":"publish","type":"page","link":"https:\/\/www.lerheunouveaucitoyen.org\/index.php\/lehpad-du-champ-du-moulin-a-vezin\/","title":{"rendered":"L&rsquo;EHPAD : du champ du moulin \u00e0 Vezin"},"content":{"rendered":"\n<figure class=\"wp-block-embed is-type-video is-provider-youtube wp-block-embed-youtube wp-embed-aspect-9-16 wp-has-aspect-ratio\"><div class=\"wp-block-embed__wrapper\">\n<iframe loading=\"lazy\" title=\"EHPAD Champ du Moulin - Alain L&#039;Hostis et Fabienne Guillanton-Cujard\" width=\"563\" height=\"1000\" src=\"https:\/\/www.youtube.com\/embed\/xb6ELLse954?feature=oembed\" frameborder=\"0\" allow=\"accelerometer; autoplay; clipboard-write; encrypted-media; gyroscope; picture-in-picture; web-share\" referrerpolicy=\"strict-origin-when-cross-origin\" allowfullscreen><\/iframe>\n<\/div><\/figure>\n\n\n\n<p><img loading=\"lazy\" decoding=\"async\" height=\"16\" width=\"16\" alt=\"\ud83d\udce2\" src=\"https:\/\/static.xx.fbcdn.net\/images\/emoji.php\/v9\/td8\/2\/16\/1f4e2.png\"> Quel avenir pour nos a\u00een\u00e9s au Rheu ?<\/p>\n\n\n\n<p>C\u2019est avec un m\u00e9lange de tristesse et de col\u00e8re que nous avons vu l\u2019EHPAD du Rheu d\u00e9finitivement ray\u00e9 de la carte. Plus qu&rsquo;un b\u00e2timent, c&rsquo;est un pilier de notre vie locale qui a \u00e9t\u00e9 sacrifi\u00e9.<\/p>\n\n\n\n<p><img loading=\"lazy\" decoding=\"async\" height=\"16\" width=\"16\" alt=\"\ud83d\uded1\" src=\"https:\/\/static.xx.fbcdn.net\/images\/emoji.php\/v9\/t3a\/2\/16\/1f6d1.png\"> Un \u00e9chec politique majeur<\/p>\n\n\n\n<p>Malgr\u00e9 les enjeux, nos \u00e9lus en responsabilit\u00e9 sur les pr\u00e9c\u00e9dents mandats n\u2019ont pas su (ou voulu) maintenir une structure m\u00e9dicalis\u00e9e au sein de notre commune. R\u00e9sultat : nos a\u00een\u00e9s sont aujourd&rsquo;hui contraints \u00e0 l\u2019exil vers les EHPADS de Vezin-le-Coquet, Mordelles ou St Gilles<\/p>\n\n\n\n<p>Pourquoi cette situation est inacceptable ?<\/p>\n\n\n\n<p>Le d\u00e9racinement social : \u00c0 8 km du Rheu, nos anciens sont coup\u00e9s de leur vie. Ils perdent leurs rep\u00e8res, leurs voisins et les visites r\u00e9guli\u00e8res de leurs amis. Cet \u00e9loignement brise le lien social, pourtant vital pour lutter contre le d\u00e9clin et la solitude.<\/p>\n\n\n\n<p>Un choix discutable : Le terrain a \u00e9t\u00e9 vendu pour laisser place \u00e0 une \u00ab\u00a0r\u00e9sidence seniors\u00a0\u00bb. Rappelons que ces structures priv\u00e9es sont inadapt\u00e9es au grand \u00e2ge : elles ne peuvent pas prendre en charge la d\u00e9pendance.<\/p>\n\n\n\n<p>Nos a\u00een\u00e9s m\u00e9ritent de vieillir l\u00e0 o\u00f9 ils ont v\u00e9cu, entour\u00e9s de leurs proches.<\/p>\n\n\n\n<figure class=\"wp-block-embed is-type-video is-provider-youtube wp-block-embed-youtube wp-embed-aspect-9-16 wp-has-aspect-ratio\"><div class=\"wp-block-embed__wrapper\">\n<iframe loading=\"lazy\" title=\"EHPAD Vezin - Alain L&#039;Hostis et Fabienne Guillanton-Cujard\" width=\"563\" height=\"1000\" src=\"https:\/\/www.youtube.com\/embed\/Cy87L1Dook8?feature=oembed\" frameborder=\"0\" allow=\"accelerometer; autoplay; clipboard-write; encrypted-media; gyroscope; picture-in-picture; web-share\" referrerpolicy=\"strict-origin-when-cross-origin\" allowfullscreen><\/iframe>\n<\/div><\/figure>\n\n\n\n<p><img loading=\"lazy\" decoding=\"async\" height=\"16\" width=\"16\" alt=\"\ud83d\udce2\" src=\"https:\/\/static.xx.fbcdn.net\/images\/emoji.php\/v9\/td8\/2\/16\/1f4e2.png\"> Quel avenir pour nos a\u00een\u00e9s au Rheu ?<\/p>\n\n\n\n<p>C\u2019est avec un m\u00e9lange de tristesse et de col\u00e8re que nous avons vu l\u2019EHPAD du Rheu d\u00e9finitivement ray\u00e9 de la carte. Plus qu&rsquo;un b\u00e2timent, c&rsquo;est un pilier de notre vie locale qui a \u00e9t\u00e9 sacrifi\u00e9.<\/p>\n\n\n\n<p><img loading=\"lazy\" decoding=\"async\" height=\"16\" width=\"16\" alt=\"\ud83d\uded1\" src=\"https:\/\/static.xx.fbcdn.net\/images\/emoji.php\/v9\/t3a\/2\/16\/1f6d1.png\"> Un \u00e9chec politique majeur<\/p>\n\n\n\n<p>Malgr\u00e9 les enjeux, nos \u00e9lus en responsabilit\u00e9 sur les pr\u00e9c\u00e9dents mandats n\u2019ont pas su (ou voulu) maintenir une structure m\u00e9dicalis\u00e9e au sein de notre commune. R\u00e9sultat : nos a\u00een\u00e9s sont aujourd&rsquo;hui contraints \u00e0 l\u2019exil vers les EHPADS de Vezin-le-Coquet, Mordelles ou St Gilles<\/p>\n\n\n\n<p>Pourquoi cette situation est inacceptable ?<\/p>\n\n\n\n<p>Le d\u00e9racinement social : \u00c0 7 km du Rheu, nos anciens sont coup\u00e9s de leur vie. Ils perdent leurs rep\u00e8res, leurs voisins et les visites r\u00e9guli\u00e8res de leurs amis. Cet \u00e9loignement brise le lien social, pourtant vital pour lutter contre le d\u00e9clin et la solitude.<\/p>\n\n\n\n<p>Un choix discutable : Le terrain a \u00e9t\u00e9 vendu pour laisser place \u00e0 une \u00ab\u00a0r\u00e9sidence seniors\u00a0\u00bb. Rappelons que ces structures priv\u00e9es sont inadapt\u00e9es au grand \u00e2ge : elles ne peuvent pas prendre en charge la d\u00e9pendance.<\/p>\n\n\n\n<p>Nos a\u00een\u00e9s m\u00e9ritent de vieillir l\u00e0 o\u00f9 ils ont v\u00e9cu, entour\u00e9s de leurs proches.<\/p>\n","protected":false},"excerpt":{"rendered":"<p>Quel avenir pour nos a\u00een\u00e9s au Rheu ? C\u2019est avec un m\u00e9lange de tristesse et de col\u00e8re que nous avons vu l\u2019EHPAD du Rheu d\u00e9finitivement ray\u00e9 de la carte. Plus qu&rsquo;un b\u00e2timent, c&rsquo;est un pilier de notre vie locale qui a \u00e9t\u00e9 sacrifi\u00e9. Un \u00e9chec politique majeur Malgr\u00e9 les enjeux, nos \u00e9lus en responsabilit\u00e9 sur [&hellip;]<\/p>\n","protected":false},"author":1,"featured_media":0,"parent":0,"menu_order":0,"comment_status":"closed","ping_status":"closed","template":"","meta":{"footnotes":""},"class_list":["post-1011","page","type-page","status-publish","hentry"],"_links":{"self":[{"href":"https:\/\/www.lerheunouveaucitoyen.org\/index.php\/wp-json\/wp\/v2\/pages\/1011","targetHints":{"allow":["GET"]}}],"collection":[{"href":"https:\/\/www.lerheunouveaucitoyen.org\/index.php\/wp-json\/wp\/v2\/pages"}],"about":[{"href":"https:\/\/www.lerheunouveaucitoyen.org\/index.php\/wp-json\/wp\/v2\/types\/page"}],"author":[{"embeddable":true,"href":"https:\/\/www.lerheunouveaucitoyen.org\/index.php\/wp-json\/wp\/v2\/users\/1"}],"replies":[{"embeddable":true,"href":"https:\/\/www.lerheunouveaucitoyen.org\/index.php\/wp-json\/wp\/v2\/comments?post=1011"}],"version-history":[{"count":1,"href":"https:\/\/www.lerheunouveaucitoyen.org\/index.php\/wp-json\/wp\/v2\/pages\/1011\/revisions"}],"predecessor-version":[{"id":1012,"href":"https:\/\/www.lerheunouveaucitoyen.org\/index.php\/wp-json\/wp\/v2\/pages\/1011\/revisions\/1012"}],"wp:attachment":[{"href":"https:\/\/www.lerheunouveaucitoyen.org\/index.php\/wp-json\/wp\/v2\/media?parent=1011"}],"curies":[{"name":"wp","href":"https:\/\/api.w.org\/{rel}","templated":true}]}}