{"id":1005,"date":"2026-02-26T22:51:54","date_gmt":"2026-02-26T21:51:54","guid":{"rendered":"https:\/\/www.lerheunouveaucitoyen.org\/?page_id=1005"},"modified":"2026-02-26T22:51:54","modified_gmt":"2026-02-26T21:51:54","slug":"la-mediatheque","status":"publish","type":"page","link":"https:\/\/www.lerheunouveaucitoyen.org\/index.php\/la-mediatheque\/","title":{"rendered":"La m\u00e9diath\u00e8que"},"content":{"rendered":"\n<figure class=\"wp-block-embed is-type-video is-provider-youtube wp-block-embed-youtube wp-embed-aspect-9-16 wp-has-aspect-ratio\"><div class=\"wp-block-embed__wrapper\">\n<iframe loading=\"lazy\" title=\"Culture : la m\u00e9diath\u00e8que - Alain L&#039;Hostis et Jacqueline Depr\u00e9aux\" width=\"563\" height=\"1000\" src=\"https:\/\/www.youtube.com\/embed\/50dpn3GPIN8?feature=oembed\" frameborder=\"0\" allow=\"accelerometer; autoplay; clipboard-write; encrypted-media; gyroscope; picture-in-picture; web-share\" referrerpolicy=\"strict-origin-when-cross-origin\" allowfullscreen><\/iframe>\n<\/div><\/figure>\n\n\n\n<p><img loading=\"lazy\" decoding=\"async\" height=\"16\" width=\"16\" alt=\"\u2728\" src=\"https:\/\/static.xx.fbcdn.net\/images\/emoji.php\/v9\/t75\/2\/16\/2728.png\"> Culture : Zoom sur notre m\u00e9diath\u00e8que ! <img loading=\"lazy\" decoding=\"async\" height=\"16\" width=\"16\" alt=\"\u2728\" src=\"https:\/\/static.xx.fbcdn.net\/images\/emoji.php\/v9\/t75\/2\/16\/2728.png\"><\/p>\n\n\n\n<p>On ne le dit pas assez, mais nous avons la chance d\u2019avoir \u00e0 Le Rheu une superbe m\u00e9diath\u00e8que, port\u00e9e par une \u00e9quipe passionn\u00e9e et ultra-impliqu\u00e9e ! <img loading=\"lazy\" decoding=\"async\" height=\"16\" width=\"16\" alt=\"\ud83d\udcda\" src=\"https:\/\/static.xx.fbcdn.net\/images\/emoji.php\/v9\/te8\/2\/16\/1f4da.png\"><img loading=\"lazy\" decoding=\"async\" height=\"16\" width=\"16\" alt=\"\u2764\ufe0f\" src=\"https:\/\/static.xx.fbcdn.net\/images\/emoji.php\/v9\/ted\/2\/16\/2764.png\"><\/p>\n\n\n\n<p>Pourtant, nous sommes convaincus que l\u2019on peut faire encore mieux pour faire rayonner ce lieu de vie : <img loading=\"lazy\" decoding=\"async\" height=\"16\" width=\"16\" alt=\"\ud83d\udce2\" src=\"https:\/\/static.xx.fbcdn.net\/images\/emoji.php\/v9\/td8\/2\/16\/1f4e2.png\"> Mieux communiquer sur la richesse de la programmation et des \u00e9v\u00e9nements. <img loading=\"lazy\" decoding=\"async\" height=\"16\" width=\"16\" alt=\"\ud83e\udd1d\" src=\"https:\/\/static.xx.fbcdn.net\/images\/emoji.php\/v9\/t3\/2\/16\/1f91d.png\"> D\u00e9velopper de nouveaux services de proximit\u00e9. <img loading=\"lazy\" decoding=\"async\" height=\"16\" width=\"16\" alt=\"\ud83d\udca1\" src=\"https:\/\/static.xx.fbcdn.net\/images\/emoji.php\/v9\/tdb\/2\/16\/1f4a1.png\"> Entre autres, parce que le num\u00e9rique ne doit laisser personne de c\u00f4t\u00e9 ! <img loading=\"lazy\" decoding=\"async\" height=\"16\" width=\"16\" alt=\"\ud83d\udcf1\" src=\"https:\/\/static.xx.fbcdn.net\/images\/emoji.php\/v9\/tf6\/2\/16\/1f4f1.png\"><img loading=\"lazy\" decoding=\"async\" height=\"16\" width=\"16\" alt=\"\ud83d\udcbb\" src=\"https:\/\/static.xx.fbcdn.net\/images\/emoji.php\/v9\/t2b\/2\/16\/1f4bb.png\"><\/p>\n\n\n\n<p>Qu\u2019en pensez-vous ?<\/p>\n","protected":false},"excerpt":{"rendered":"<p>Culture : Zoom sur notre m\u00e9diath\u00e8que ! On ne le dit pas assez, mais nous avons la chance d\u2019avoir \u00e0 Le Rheu une superbe m\u00e9diath\u00e8que, port\u00e9e par une \u00e9quipe passionn\u00e9e et ultra-impliqu\u00e9e ! Pourtant, nous sommes convaincus que l\u2019on peut faire encore mieux pour faire rayonner ce lieu de vie : Mieux communiquer sur la [&hellip;]<\/p>\n","protected":false},"author":1,"featured_media":0,"parent":0,"menu_order":0,"comment_status":"closed","ping_status":"closed","template":"","meta":{"footnotes":""},"class_list":["post-1005","page","type-page","status-publish","hentry"],"_links":{"self":[{"href":"https:\/\/www.lerheunouveaucitoyen.org\/index.php\/wp-json\/wp\/v2\/pages\/1005","targetHints":{"allow":["GET"]}}],"collection":[{"href":"https:\/\/www.lerheunouveaucitoyen.org\/index.php\/wp-json\/wp\/v2\/pages"}],"about":[{"href":"https:\/\/www.lerheunouveaucitoyen.org\/index.php\/wp-json\/wp\/v2\/types\/page"}],"author":[{"embeddable":true,"href":"https:\/\/www.lerheunouveaucitoyen.org\/index.php\/wp-json\/wp\/v2\/users\/1"}],"replies":[{"embeddable":true,"href":"https:\/\/www.lerheunouveaucitoyen.org\/index.php\/wp-json\/wp\/v2\/comments?post=1005"}],"version-history":[{"count":1,"href":"https:\/\/www.lerheunouveaucitoyen.org\/index.php\/wp-json\/wp\/v2\/pages\/1005\/revisions"}],"predecessor-version":[{"id":1006,"href":"https:\/\/www.lerheunouveaucitoyen.org\/index.php\/wp-json\/wp\/v2\/pages\/1005\/revisions\/1006"}],"wp:attachment":[{"href":"https:\/\/www.lerheunouveaucitoyen.org\/index.php\/wp-json\/wp\/v2\/media?parent=1005"}],"curies":[{"name":"wp","href":"https:\/\/api.w.org\/{rel}","templated":true}]}}