{"id":1002,"date":"2026-02-26T22:47:48","date_gmt":"2026-02-26T21:47:48","guid":{"rendered":"https:\/\/www.lerheunouveaucitoyen.org\/?page_id=1002"},"modified":"2026-03-01T11:47:04","modified_gmt":"2026-03-01T10:47:04","slug":"la-securite","status":"publish","type":"page","link":"https:\/\/www.lerheunouveaucitoyen.org\/index.php\/la-securite\/","title":{"rendered":"La s\u00e9curit\u00e9"},"content":{"rendered":"\n<figure class=\"wp-block-embed is-type-video is-provider-youtube wp-block-embed-youtube wp-embed-aspect-9-16 wp-has-aspect-ratio\"><div class=\"wp-block-embed__wrapper\">\n<iframe loading=\"lazy\" title=\"Ins\u00e9curit\u00e9 et trafics - les cam\u00e9ras au Rheu - Alain L&#039;Hostis et Philippe Bouget\" width=\"563\" height=\"1000\" src=\"https:\/\/www.youtube.com\/embed\/Nj8-ftNLqjk?feature=oembed\" frameborder=\"0\" allow=\"accelerometer; autoplay; clipboard-write; encrypted-media; gyroscope; picture-in-picture; web-share\" referrerpolicy=\"strict-origin-when-cross-origin\" allowfullscreen><\/iframe>\n<\/div><\/figure>\n\n\n\n<p>La s\u00e9curit\u00e9 : une priorit\u00e9, sans tabou <img loading=\"lazy\" decoding=\"async\" height=\"16\" width=\"16\" alt=\"\ud83d\udee1\ufe0f\" src=\"https:\/\/static.xx.fbcdn.net\/images\/emoji.php\/v9\/td9\/2\/16\/1f6e1.png\"><\/p>\n\n\n\n<p>Parce que bien vivre \u00e0 Le Rheu, c&rsquo;est avant tout s&rsquo;y sentir en s\u00e9curit\u00e9, nous souhaitons aborder ce sujet avec franchise et pragmatisme.<\/p>\n\n\n\n<p>C\u2019est pourquoi dans notre programme, un des engagements pour am\u00e9liorer la s\u00e9curit\u00e9 est de renforcer le dispositif de vid\u00e9o-protection sur la commune.<\/p>\n\n\n\n<p><img loading=\"lazy\" decoding=\"async\" height=\"16\" width=\"16\" alt=\"\ud83c\udfa5\" src=\"https:\/\/static.xx.fbcdn.net\/images\/emoji.php\/v9\/t9e\/2\/16\/1f3a5.png\"> Pourquoi ? Ces cam\u00e9ras repr\u00e9sentent un outil efficace de pr\u00e9vention et de dissuasion contre les incivilit\u00e9s et la d\u00e9linquance.<\/p>\n\n\n\n<p><img loading=\"lazy\" decoding=\"async\" height=\"16\" width=\"16\" alt=\"\ud83c\udfeb\" src=\"https:\/\/static.xx.fbcdn.net\/images\/emoji.php\/v9\/tc7\/2\/16\/1f3eb.png\"> Notre objectif est clair : Prot\u00e9ger nos b\u00e2timents publics, s\u00e9curiser les abords de nos \u00e9coles et, surtout, garantir la tranquillit\u00e9 de nos enfants et de tous les Rheusois.<\/p>\n\n\n\n<p>Ensemble, faisons le choix d&rsquo;une ville apais\u00e9e et s\u00fbre pour tous.<\/p>\n\n\n\n<p>Et vous, qu&rsquo;en pensez-vous ? <\/p>\n\n\n\n<figure class=\"wp-block-embed is-type-video is-provider-youtube wp-block-embed-youtube wp-embed-aspect-9-16 wp-has-aspect-ratio\"><div class=\"wp-block-embed__wrapper\">\n<iframe loading=\"lazy\" title=\"S\u00e9curit\u00e9 - comment endiguer les trafics - Alain L&#039;Hostis et Philippe Bouget\" width=\"563\" height=\"1000\" src=\"https:\/\/www.youtube.com\/embed\/7gcgXM-ozRs?feature=oembed\" frameborder=\"0\" allow=\"accelerometer; autoplay; clipboard-write; encrypted-media; gyroscope; picture-in-picture; web-share\" referrerpolicy=\"strict-origin-when-cross-origin\" allowfullscreen><\/iframe>\n<\/div><\/figure>\n\n\n\n<p><img loading=\"lazy\" decoding=\"async\" height=\"16\" width=\"16\" alt=\"\ud83d\udee1\ufe0f\" src=\"https:\/\/static.xx.fbcdn.net\/images\/emoji.php\/v9\/td9\/2\/16\/1f6e1.png\"> S\u00c9CURIT\u00c9 : POUR UNE VILLE PLUS S\u00dbRE ET APAIS\u00c9E<\/p>\n\n\n\n<p>Aujourd&rsquo;hui, il est temps de dire les choses clairement : le trafic de drogue s&rsquo;est install\u00e9 dans certains endroits de notre commune. <img loading=\"lazy\" decoding=\"async\" height=\"16\" width=\"16\" alt=\"\ud83d\uded1\" src=\"https:\/\/static.xx.fbcdn.net\/images\/emoji.php\/v9\/t3a\/2\/16\/1f6d1.png\"> Nous ne pouvons plus d\u00e9tourner le regard.<\/p>\n\n\n\n<p>Cela fait trop longtemps que nous vivons avec ces nuisances. Trop longtemps que l&rsquo;on esp\u00e8re que la situation se r\u00e9soudra d&rsquo;elle-m\u00eame. Mais faire l&rsquo;autruche n&rsquo;est plus une option. <img loading=\"lazy\" decoding=\"async\" height=\"16\" width=\"16\" alt=\"\u274c\" src=\"https:\/\/static.xx.fbcdn.net\/images\/emoji.php\/v9\/t5e\/2\/16\/274c.png\"><\/p>\n\n\n\n<p>Pourquoi nous mobilisons nous ?<\/p>\n\n\n\n<p><img loading=\"lazy\" decoding=\"async\" height=\"16\" width=\"16\" alt=\"\ud83d\udd39\" src=\"https:\/\/static.xx.fbcdn.net\/images\/emoji.php\/v9\/t92\/2\/16\/1f539.png\"> Pour prot\u00e9ger nos enfants qui croisent ces trafics au quotidien. <img loading=\"lazy\" decoding=\"async\" height=\"16\" width=\"16\" alt=\"\ud83d\udc68\u200d\ud83d\udc69\u200d\ud83d\udc67\u200d\ud83d\udc66\" src=\"https:\/\/static.xx.fbcdn.net\/images\/emoji.php\/v9\/tdc\/2\/16\/1f468_200d_1f469_200d_1f467_200d_1f466.png\"><img loading=\"lazy\" decoding=\"async\" height=\"16\" width=\"16\" alt=\"\ud83d\udd39\" src=\"https:\/\/static.xx.fbcdn.net\/images\/emoji.php\/v9\/t92\/2\/16\/1f539.png\"> Pour pr\u00e9server notre cadre de vie et la tranquillit\u00e9 de notre commune. <img loading=\"lazy\" decoding=\"async\" height=\"16\" width=\"16\" alt=\"\ud83c\udf33\" src=\"https:\/\/static.xx.fbcdn.net\/images\/emoji.php\/v9\/ta\/2\/16\/1f333.png\"><img loading=\"lazy\" decoding=\"async\" height=\"16\" width=\"16\" alt=\"\ud83d\udd39\" src=\"https:\/\/static.xx.fbcdn.net\/images\/emoji.php\/v9\/t92\/2\/16\/1f539.png\"> Pour notre avenir, car nous refusons de voir l&rsquo;ins\u00e9curit\u00e9 s&rsquo;enraciner. <img loading=\"lazy\" decoding=\"async\" height=\"16\" width=\"16\" alt=\"\u23f3\" src=\"https:\/\/static.xx.fbcdn.net\/images\/emoji.php\/v9\/t38\/2\/16\/23f3.png\"><\/p>\n\n\n\n<p>Nous affirmons notre volont\u00e9 d&rsquo;agir de mani\u00e8re responsable. <img loading=\"lazy\" decoding=\"async\" height=\"16\" width=\"16\" alt=\"\u2705\" src=\"https:\/\/static.xx.fbcdn.net\/images\/emoji.php\/v9\/tb4\/2\/16\/2705.png\"> Nous sommes pr\u00eats \u00e0 collaborer activement avec la Police Municipale et la Gendarmerie <img loading=\"lazy\" decoding=\"async\" height=\"16\" width=\"16\" alt=\"\ud83d\udc6e\u200d\u2642\ufe0f\" src=\"https:\/\/static.xx.fbcdn.net\/images\/emoji.php\/v9\/ta\/2\/16\/1f46e_200d_2642.png\"><img loading=\"lazy\" decoding=\"async\" height=\"16\" width=\"16\" alt=\"\ud83d\ude94\" src=\"https:\/\/static.xx.fbcdn.net\/images\/emoji.php\/v9\/t8\/2\/16\/1f694.png\"> pour signaler les faits et aider les forces de l&rsquo;ordre \u00e0 faire leur travail.<\/p>\n\n\n\n<p>C\u2019est ensemble, en restant vigilants et unis, que nous pourrons mettre un terme \u00e0 cette situation. <img loading=\"lazy\" decoding=\"async\" height=\"16\" width=\"16\" alt=\"\ud83e\udd1d\" src=\"https:\/\/static.xx.fbcdn.net\/images\/emoji.php\/v9\/t3\/2\/16\/1f91d.png\"> Reprenons le contr\u00f4le de notre ville pour que Le Rheu reste ce lieu de vie agr\u00e9able que nous aimons tant. <img loading=\"lazy\" decoding=\"async\" height=\"16\" width=\"16\" alt=\"\ud83c\udfe0\" src=\"https:\/\/static.xx.fbcdn.net\/images\/emoji.php\/v9\/t95\/2\/16\/1f3e0.png\"><\/p>\n","protected":false},"excerpt":{"rendered":"<p>La s\u00e9curit\u00e9 : une priorit\u00e9, sans tabou Parce que bien vivre \u00e0 Le Rheu, c&rsquo;est avant tout s&rsquo;y sentir en s\u00e9curit\u00e9, nous souhaitons aborder ce sujet avec franchise et pragmatisme. C\u2019est pourquoi dans notre programme, un des engagements pour am\u00e9liorer la s\u00e9curit\u00e9 est de renforcer le dispositif de vid\u00e9o-protection sur la commune. Pourquoi ? Ces [&hellip;]<\/p>\n","protected":false},"author":1,"featured_media":0,"parent":0,"menu_order":0,"comment_status":"closed","ping_status":"closed","template":"","meta":{"footnotes":""},"class_list":["post-1002","page","type-page","status-publish","hentry"],"_links":{"self":[{"href":"https:\/\/www.lerheunouveaucitoyen.org\/index.php\/wp-json\/wp\/v2\/pages\/1002","targetHints":{"allow":["GET"]}}],"collection":[{"href":"https:\/\/www.lerheunouveaucitoyen.org\/index.php\/wp-json\/wp\/v2\/pages"}],"about":[{"href":"https:\/\/www.lerheunouveaucitoyen.org\/index.php\/wp-json\/wp\/v2\/types\/page"}],"author":[{"embeddable":true,"href":"https:\/\/www.lerheunouveaucitoyen.org\/index.php\/wp-json\/wp\/v2\/users\/1"}],"replies":[{"embeddable":true,"href":"https:\/\/www.lerheunouveaucitoyen.org\/index.php\/wp-json\/wp\/v2\/comments?post=1002"}],"version-history":[{"count":3,"href":"https:\/\/www.lerheunouveaucitoyen.org\/index.php\/wp-json\/wp\/v2\/pages\/1002\/revisions"}],"predecessor-version":[{"id":1039,"href":"https:\/\/www.lerheunouveaucitoyen.org\/index.php\/wp-json\/wp\/v2\/pages\/1002\/revisions\/1039"}],"wp:attachment":[{"href":"https:\/\/www.lerheunouveaucitoyen.org\/index.php\/wp-json\/wp\/v2\/media?parent=1002"}],"curies":[{"name":"wp","href":"https:\/\/api.w.org\/{rel}","templated":true}]}}